{"id":1101,"date":"2025-01-26T19:37:04","date_gmt":"2025-01-26T18:37:04","guid":{"rendered":"https:\/\/kreatywnyrozwoj.org\/?page_id=1101"},"modified":"2025-01-26T19:43:29","modified_gmt":"2025-01-26T18:43:29","slug":"urodziny-2","status":"publish","type":"page","link":"https:\/\/kreatywnyrozwoj.org\/index.php\/urodziny-2\/","title":{"rendered":"Urodziny"},"content":{"rendered":"<p>[et_pb_section bb_built=&#8221;1&#8243; _builder_version=&#8221;3.19.10&#8243; background_color=&#8221;#ace3fa&#8221; custom_padding=&#8221;97px|0px|54px|0px|false|false&#8221; top_divider_style=&#8221;clouds&#8221; top_divider_color=&#8221;#ffffff&#8221; top_divider_height=&#8221;170px&#8221;][et_pb_row _builder_version=&#8221;3.19.10&#8243;][et_pb_column type=&#8221;1_2&#8243;][et_pb_image src=&#8221;https:\/\/kreatywnyrozwoj.org\/wp-content\/uploads\/2025\/01\/ikony-manu.png&#8221; _builder_version=&#8221;3.19.10&#8243; max_width=&#8221;59%&#8221; module_alignment=&#8221;center&#8221; custom_margin=&#8221;-3px|||100px&#8221; custom_margin_phone=&#8221;|||79px&#8221; custom_margin_last_edited=&#8221;on|phone&#8221; hover_enabled=&#8221;0&#8243; max_width_last_edited=&#8221;on|phone&#8221; max_width_phone=&#8221;51%&#8221; \/][\/et_pb_column][et_pb_column type=&#8221;1_2&#8243;][et_pb_text _builder_version=&#8221;3.19.10&#8243; header_font=&#8221;Sacramento||||||||&#8221; header_text_color=&#8221;#000000&#8243; header_font_size=&#8221;69px&#8221; header_font_size_phone=&#8221;58px&#8221; header_font_size_last_edited=&#8221;on|phone&#8221; max_width_last_edited=&#8221;on|phone&#8221; custom_margin=&#8221;70px||10px|77px&#8221; custom_margin_phone=&#8221;0px|||50px&#8221; custom_margin_last_edited=&#8221;on|phone&#8221;]<\/p>\n<h1>Urodziny<\/h1>\n<p>[\/et_pb_text][\/et_pb_column][\/et_pb_row][et_pb_row][et_pb_column type=&#8221;4_4&#8243;][et_pb_text _builder_version=&#8221;3.19.10&#8243; text_font=&#8221;Scope One||||||||&#8221; text_font_size=&#8221;17px&#8221; custom_margin=&#8221;|84px||-42px&#8221; custom_margin_phone=&#8221;|3px||4px&#8221; custom_margin_last_edited=&#8221;on|phone&#8221;]<\/p>\n<h1><strong>Zorganizuj urodziny dla dzieci &#8211; my w tym pomo\u017cemy<\/strong><\/h1>\n<h2>Marzy Ci si\u0119 kreatywna organizacja urodzin dla dzieci? A mo\u017ce chcesz, aby przygotowane przez Ciebie przyj\u0119cie urodzinowe dziecka by\u0142o odmienne od cz\u0119sto spotykanego schematu? Sprawd\u017a co zrobi\u0107, tematyczne przyj\u0119cie dla malucha sta\u0142o na jak najwy\u017cszym poziomie. Twoje dziecko z pewno\u015bci\u0105 b\u0119dzie zachwycone tym pomys\u0142em.<\/h2>\n<h3><strong>Profesjonalna organizacja imprez urodzinowych dla dzieci \u2014 postaw na oryginalne scenariusze<\/strong><\/h3>\n<p>Chcia\u0142by\u015b, aby urodzinowe party dla dziecka by\u0142o zorganizowane na jak najwy\u017cszym poziomie? Postaw na kreatywno\u015b\u0107! Zadbaj o to, aby urodzinowe przyj\u0119cie dla dzieci by\u0142o przede wszystkim:<\/p>\n<ul>\n<li>oryginalne,<\/li>\n<li>pomys\u0142owe,<\/li>\n<li>wci\u0105gaj\u0105ce,<\/li>\n<li>dopasowane do wieku i zainteresowa\u0144 dzieci.<\/li>\n<\/ul>\n<p>Je\u015bli szukasz inspiracji na wyj\u0105tkowe i niepowtarzalne scenariusze urodzin dla dzieci, to zwr\u00f3\u0107 uwag\u0119 na to, gdzie b\u0119dzie mia\u0142o miejsce przyj\u0119cie urodzinowe dziecka. Lokalizacja jest tu bardzo wa\u017cna. Restauracja lub hotel nie zawsze s\u0105 dobrym miejscem na zorganizowanie takiej imprezy. Cz\u0119sto s\u0105 to lokalizacje, w kt\u00f3rych maluch mo\u017ce czu\u0107 si\u0119 nieswojo. Dlatego dobrym pomys\u0142em jest organizacja przyj\u0119\u0107 dla dzieci w miejscach, kt\u00f3re s\u0105 im dobrze znane np. w domu lub ogrodzie.<\/p>\n<h3><strong>Profesjonalna organizacja przyj\u0119\u0107 dla dzieci \u2014 kilka s\u0142\u00f3w na temat atrakcji<\/strong><\/h3>\n<p>Je\u015bli marzy Ci si\u0119 organizacja przyj\u0119\u0107 urodzinowych dla dzieci na najwy\u017cszym poziomie, to koniecznie postaw na ofert\u0119 podmiot\u00f3w, kt\u00f3re mog\u0105 zorganizowa\u0107 bogate w atrakcje urodziny tematyczne dla dziecka.<\/p>\n<p>Po pierwsze, postaw na urodzinowe atrakcje dla dzieci, kt\u00f3re Tw\u00f3j maluch lubi. Do\u015bwiadczony organizator mo\u017ce przygotowa\u0107 warsztaty kreatywne, zabawy z du\u017cymi maskotkami, a tak\u017ce zadba\u0107 o popcorn lub zaaran\u017cowa\u0107 stanowisko do malowania twarzy. Jednym s\u0142owem ilo\u015b\u0107 dost\u0119pnych atrakcji jest bardzo szeroka, w zwi\u0105zku z czym organizacja przyj\u0119\u0107 urodzinowych dla dzieci b\u0119dzie \u0142atwiejsza.<\/p>\n<p>Po drugie, zadbaj o konkretne t\u0142o tematyczne. Je\u015bli Twoje dziecko uwielbia okre\u015blon\u0105 posta\u0107 z kresk\u00f3wek, to koniecznie nawi\u0105\u017c do niej. Organizacja urodzin dziecka mo\u017ce by\u0107 prawdziw\u0105 przyjemno\u015bci\u0105. Niech urodziny Twojej pociechy b\u0119d\u0105 zar\u00f3wno dla niej, jak i dla pozosta\u0142ych Waszych go\u015bci wyj\u0105tkow\u0105 chwil\u0105, kt\u00f3r\u0105 b\u0119dziecie wspomina\u0107 przez bardzo d\u0142ugi czas.<\/p>\n<h3><strong>Organizator przyj\u0119cia urodzinowego \u2014 postaw na do\u015bwiadczenie i profesjonalizm<\/strong><\/h3>\n<p>Zastanawiasz si\u0119, kto powinien zorganizowa\u0107 przyj\u0119cie urodzinowe dla dzieci? Je\u015bli tak, to koniecznie skontaktuj si\u0119 z Manufaktur\u0105 Kreatywnego Rozwoju dla Dzieci. To podmiot, kt\u00f3ry mo\u017ce przygotowa\u0107 fajne urodziny dla dzieci, kt\u00f3re na d\u0142ugo zapadn\u0105 w ich pami\u0119ci. Manufaktura zapewnia wynajem animatora na urodziny, wiele r\u00f3\u017cnych atrakcji, a tak\u017ce mo\u017cliwo\u015b\u0107 zorganizowania wyj\u0105tkowej i niepowtarzalnej imprezy w wybranej przez opiekuna lokalizacji.<\/p>\n<p>Zorganizowane w ten spos\u00f3b niezapomniane urodziny dla dziecka b\u0119d\u0105:<\/p>\n<ul>\n<li>dopasowane do wieku i zainteresowa\u0144 malucha,<\/li>\n<li>przygotowane tak, aby dziecko czu\u0142o si\u0119 dobrze w trakcie przyj\u0119cia,<\/li>\n<li>stworzone z my\u015bl\u0105 o preferencjach dziecka oraz zaproszonych go\u015bci.<\/li>\n<\/ul>\n<p>Zapraszamy do kontaktu. Ch\u0119tnie zaaran\u017cujemy dla Waszej pociechy kreatywne przyj\u0119cie urodzinowe z wieloma atrakcjami.<\/p>\n<p>[\/et_pb_text][\/et_pb_column][\/et_pb_row][et_pb_row][et_pb_column type=&#8221;1_2&#8243;][et_pb_button _builder_version=&#8221;3.19.10&#8243; button_text=&#8221;Zapytaj o termin&#8221; button_url=&#8221;https:\/\/kreatywnyrozwoj.org\/#kontakt&#8221; \/][\/et_pb_column][et_pb_column type=&#8221;1_2&#8243;][\/et_pb_column][\/et_pb_row][\/et_pb_section]<\/p>\n","protected":false},"excerpt":{"rendered":"<p>[et_pb_section bb_built=&#8221;1&#8243; _builder_version=&#8221;3.19.10&#8243; background_color=&#8221;#ace3fa&#8221; custom_padding=&#8221;97px|0px|54px|0px|false|false&#8221; top_divider_style=&#8221;clouds&#8221; top_divider_color=&#8221;#ffffff&#8221; top_divider_height=&#8221;170px&#8221;][et_pb_row _builder_version=&#8221;3.19.10&#8243;][et_pb_column type=&#8221;1_2&#8243;][et_pb_image src=&#8221;https:\/\/kreatywnyrozwoj.org\/wp-content\/uploads\/2025\/01\/ikony-manu.png&#8221; _builder_version=&#8221;3.19.10&#8243; max_width=&#8221;59%&#8221; module_alignment=&#8221;center&#8221; custom_margin=&#8221;-3px|||100px&#8221; custom_margin_phone=&#8221;|||79px&#8221; custom_margin_last_edited=&#8221;on|phone&#8221; hover_enabled=&#8221;0&#8243; max_width_last_edited=&#8221;on|phone&#8221; max_width_phone=&#8221;51%&#8221; \/][\/et_pb_column][et_pb_column type=&#8221;1_2&#8243;][et_pb_text _builder_version=&#8221;3.19.10&#8243; header_font=&#8221;Sacramento||||||||&#8221; header_text_color=&#8221;#000000&#8243; header_font_size=&#8221;69px&#8221; header_font_size_phone=&#8221;58px&#8221; header_font_size_last_edited=&#8221;on|phone&#8221; max_width_last_edited=&#8221;on|phone&#8221; custom_margin=&#8221;70px||10px|77px&#8221; custom_margin_phone=&#8221;0px|||50px&#8221; custom_margin_last_edited=&#8221;on|phone&#8221;] Urodziny [\/et_pb_text][\/et_pb_column][\/et_pb_row][et_pb_row][et_pb_column type=&#8221;4_4&#8243;][et_pb_text _builder_version=&#8221;3.19.10&#8243; text_font=&#8221;Scope One||||||||&#8221; text_font_size=&#8221;17px&#8221; custom_margin=&#8221;|84px||-42px&#8221; custom_margin_phone=&#8221;|3px||4px&#8221; custom_margin_last_edited=&#8221;on|phone&#8221;] Zorganizuj urodziny dla dzieci &#8211; my w tym pomo\u017cemy Marzy Ci si\u0119 kreatywna [&hellip;]<\/p>\n","protected":false},"author":1,"featured_media":0,"parent":0,"menu_order":0,"comment_status":"closed","ping_status":"closed","template":"","meta":{"_et_pb_use_builder":"on","_et_pb_old_content":"<p>[et_pb_section fb_built=\"1\" _builder_version=\"3.19.10\" background_color=\"#ace3fa\" custom_padding=\"97px|0px|54px|0px|false|false\" top_divider_style=\"clouds\" top_divider_color=\"#ffffff\" top_divider_height=\"170px\"][et_pb_row _builder_version=\"3.19.10\"][et_pb_column type=\"1_2\" _builder_version=\"3.0.47\" parallax=\"off\" parallax_method=\"on\"][et_pb_image src=\"http:\/\/kreatywnyrozwoj.org\/wp-content\/uploads\/2019\/10\/ik4-1.png\" _builder_version=\"3.19.10\" max_width=\"59%\" module_alignment=\"center\" custom_margin=\"-3px|||100px\" custom_margin_phone=\"|||79px\" custom_margin_last_edited=\"on|phone\" hover_enabled=\"0\" max_width_last_edited=\"on|phone\" max_width_phone=\"51%\"][\/et_pb_image][\/et_pb_column][et_pb_column type=\"1_2\" _builder_version=\"3.0.47\" parallax=\"off\" parallax_method=\"on\"][et_pb_text _builder_version=\"3.19.10\" header_font=\"Sacramento||||||||\" header_text_color=\"#000000\" header_font_size=\"69px\" header_font_size_phone=\"58px\" header_font_size_last_edited=\"on|phone\" max_width_phone=\"100%\" max_width_last_edited=\"on|phone\" custom_margin=\"70px||10px|77px\" custom_margin_phone=\"0px|||50px\" custom_margin_last_edited=\"on|phone\"]<\/p><h1>Szkolenia<\/h1><p>[\/et_pb_text][et_pb_text _builder_version=\"3.19.10\" text_font=\"Scope One||||||||\" text_font_size=\"17px\" custom_margin=\"|84px||-42px\" custom_margin_phone=\"|3px||4px\" custom_margin_last_edited=\"on|phone\"]<\/p><p style=\"text-align: center;\">Poni\u017cej znajdziesz aktualn\u0105 ofert\u0119 szkole\u0144 w Manufakturze Kreatywnego Rozwoju. Mamy nadziej\u0119, \u017ce nasze szkolenia<span style=\"font-size: 17px;\">\u00a0 zainteresuj\u0105 Ci\u0119 i sp\u0119dzimy razem troch\u0119 czasu. Zapraszamy!<\/span><\/p><p>[\/et_pb_text][\/et_pb_column][\/et_pb_row][et_pb_row _builder_version=\"3.19.10\"][et_pb_column type=\"3_5\" _builder_version=\"3.0.47\" parallax=\"off\" parallax_method=\"on\"][et_pb_button button_url=\"http:\/\/kreatywnyrozwoj.org\/wp-content\/uploads\/2019\/12\/Oferta-szkoleniowa-Manufaktura.pdf\" url_new_window=\"on\" button_text=\"Pobierz pe\u0142n\u0105 ofert\u0119 szkole\u0144\" _builder_version=\"3.19.10\" custom_button=\"on\" button_text_color=\"#000000\" button_bg_color=\"#ffffff\" button_border_width=\"0px\" button_font=\"||||||||\"][\/et_pb_button][\/et_pb_column][et_pb_column type=\"2_5\" _builder_version=\"3.0.47\" parallax=\"off\" parallax_method=\"on\"][\/et_pb_column][\/et_pb_row][et_pb_row _builder_version=\"3.19.10\"][et_pb_column type=\"3_5\" _builder_version=\"3.0.47\" parallax=\"off\" parallax_method=\"on\"][\/et_pb_column][et_pb_column type=\"2_5\" _builder_version=\"3.0.47\" parallax=\"off\" parallax_method=\"on\"][\/et_pb_column][\/et_pb_row][\/et_pb_section]<\/p>"},"yoast_head":"<!-- This site is optimized with the Yoast SEO plugin v16.9 - https:\/\/yoast.com\/wordpress\/plugins\/seo\/ -->\n<title>Urodziny - Manufaktura Kreatywnego Rozwoju<\/title>\n<meta name=\"robots\" content=\"index, follow, max-snippet:-1, max-image-preview:large, max-video-preview:-1\" \/>\n<link rel=\"canonical\" href=\"https:\/\/kreatywnyrozwoj.org\/index.php\/urodziny-2\/\" \/>\n<meta property=\"og:locale\" content=\"pl_PL\" \/>\n<meta property=\"og:type\" content=\"article\" \/>\n<meta property=\"og:title\" content=\"Urodziny - Manufaktura Kreatywnego Rozwoju\" \/>\n<meta property=\"og:description\" content=\"[et_pb_section bb_built=&#8221;1&#8243; _builder_version=&#8221;3.19.10&#8243; background_color=&#8221;#ace3fa&#8221; custom_padding=&#8221;97px|0px|54px|0px|false|false&#8221; top_divider_style=&#8221;clouds&#8221; top_divider_color=&#8221;#ffffff&#8221; top_divider_height=&#8221;170px&#8221;][et_pb_row _builder_version=&#8221;3.19.10&#8243;][et_pb_column type=&#8221;1_2&#8243;][et_pb_image src=&#8221;https:\/\/kreatywnyrozwoj.org\/wp-content\/uploads\/2025\/01\/ikony-manu.png&#8221; _builder_version=&#8221;3.19.10&#8243; max_width=&#8221;59%&#8221; module_alignment=&#8221;center&#8221; custom_margin=&#8221;-3px|||100px&#8221; custom_margin_phone=&#8221;|||79px&#8221; custom_margin_last_edited=&#8221;on|phone&#8221; hover_enabled=&#8221;0&#8243; max_width_last_edited=&#8221;on|phone&#8221; max_width_phone=&#8221;51%&#8221; \/][\/et_pb_column][et_pb_column type=&#8221;1_2&#8243;][et_pb_text _builder_version=&#8221;3.19.10&#8243; header_font=&#8221;Sacramento||||||||&#8221; header_text_color=&#8221;#000000&#8243; header_font_size=&#8221;69px&#8221; header_font_size_phone=&#8221;58px&#8221; header_font_size_last_edited=&#8221;on|phone&#8221; max_width_last_edited=&#8221;on|phone&#8221; custom_margin=&#8221;70px||10px|77px&#8221; custom_margin_phone=&#8221;0px|||50px&#8221; custom_margin_last_edited=&#8221;on|phone&#8221;] Urodziny [\/et_pb_text][\/et_pb_column][\/et_pb_row][et_pb_row][et_pb_column type=&#8221;4_4&#8243;][et_pb_text _builder_version=&#8221;3.19.10&#8243; text_font=&#8221;Scope One||||||||&#8221; text_font_size=&#8221;17px&#8221; custom_margin=&#8221;|84px||-42px&#8221; custom_margin_phone=&#8221;|3px||4px&#8221; custom_margin_last_edited=&#8221;on|phone&#8221;] Zorganizuj urodziny dla dzieci &#8211; my w tym pomo\u017cemy Marzy Ci si\u0119 kreatywna [&hellip;]\" \/>\n<meta property=\"og:url\" content=\"https:\/\/kreatywnyrozwoj.org\/index.php\/urodziny-2\/\" \/>\n<meta property=\"og:site_name\" content=\"Manufaktura Kreatywnego Rozwoju\" \/>\n<meta property=\"article:modified_time\" content=\"2025-01-26T18:43:29+00:00\" \/>\n<meta name=\"twitter:card\" content=\"summary_large_image\" \/>\n<meta name=\"twitter:label1\" content=\"Szacowany czas czytania\" \/>\n\t<meta name=\"twitter:data1\" content=\"4 minuty\" \/>\n<script type=\"application\/ld+json\" class=\"yoast-schema-graph\">{\"@context\":\"https:\/\/schema.org\",\"@graph\":[{\"@type\":\"Organization\",\"@id\":\"https:\/\/kreatywnyrozwoj.org\/#organization\",\"name\":\"Manufaktura Kreatywnego Rozwoju\",\"url\":\"https:\/\/kreatywnyrozwoj.org\/\",\"sameAs\":[],\"logo\":{\"@type\":\"ImageObject\",\"@id\":\"https:\/\/kreatywnyrozwoj.org\/#logo\",\"inLanguage\":\"pl-PL\",\"url\":\"http:\/\/kreatywnyrozwoj.org\/wp-content\/uploads\/2019\/09\/Logo_manufaktura.png\",\"contentUrl\":\"http:\/\/kreatywnyrozwoj.org\/wp-content\/uploads\/2019\/09\/Logo_manufaktura.png\",\"width\":920,\"height\":410,\"caption\":\"Manufaktura Kreatywnego Rozwoju\"},\"image\":{\"@id\":\"https:\/\/kreatywnyrozwoj.org\/#logo\"}},{\"@type\":\"WebSite\",\"@id\":\"https:\/\/kreatywnyrozwoj.org\/#website\",\"url\":\"https:\/\/kreatywnyrozwoj.org\/\",\"name\":\"Manufaktura Kreatywnego Rozwoju\",\"description\":\"Fundacja\",\"publisher\":{\"@id\":\"https:\/\/kreatywnyrozwoj.org\/#organization\"},\"potentialAction\":[{\"@type\":\"SearchAction\",\"target\":{\"@type\":\"EntryPoint\",\"urlTemplate\":\"https:\/\/kreatywnyrozwoj.org\/?s={search_term_string}\"},\"query-input\":\"required name=search_term_string\"}],\"inLanguage\":\"pl-PL\"},{\"@type\":\"WebPage\",\"@id\":\"https:\/\/kreatywnyrozwoj.org\/index.php\/urodziny-2\/#webpage\",\"url\":\"https:\/\/kreatywnyrozwoj.org\/index.php\/urodziny-2\/\",\"name\":\"Urodziny - Manufaktura Kreatywnego Rozwoju\",\"isPartOf\":{\"@id\":\"https:\/\/kreatywnyrozwoj.org\/#website\"},\"datePublished\":\"2025-01-26T18:37:04+00:00\",\"dateModified\":\"2025-01-26T18:43:29+00:00\",\"breadcrumb\":{\"@id\":\"https:\/\/kreatywnyrozwoj.org\/index.php\/urodziny-2\/#breadcrumb\"},\"inLanguage\":\"pl-PL\",\"potentialAction\":[{\"@type\":\"ReadAction\",\"target\":[\"https:\/\/kreatywnyrozwoj.org\/index.php\/urodziny-2\/\"]}]},{\"@type\":\"BreadcrumbList\",\"@id\":\"https:\/\/kreatywnyrozwoj.org\/index.php\/urodziny-2\/#breadcrumb\",\"itemListElement\":[{\"@type\":\"ListItem\",\"position\":1,\"name\":\"Strona g\\u0142\\u00f3wna\",\"item\":\"https:\/\/kreatywnyrozwoj.org\/\"},{\"@type\":\"ListItem\",\"position\":2,\"name\":\"Urodziny\"}]}]}<\/script>\n<!-- \/ Yoast SEO plugin. -->","yoast_head_json":{"title":"Urodziny - Manufaktura Kreatywnego Rozwoju","robots":{"index":"index","follow":"follow","max-snippet":"max-snippet:-1","max-image-preview":"max-image-preview:large","max-video-preview":"max-video-preview:-1"},"canonical":"https:\/\/kreatywnyrozwoj.org\/index.php\/urodziny-2\/","og_locale":"pl_PL","og_type":"article","og_title":"Urodziny - Manufaktura Kreatywnego Rozwoju","og_description":"[et_pb_section bb_built=&#8221;1&#8243; _builder_version=&#8221;3.19.10&#8243; background_color=&#8221;#ace3fa&#8221; custom_padding=&#8221;97px|0px|54px|0px|false|false&#8221; top_divider_style=&#8221;clouds&#8221; top_divider_color=&#8221;#ffffff&#8221; top_divider_height=&#8221;170px&#8221;][et_pb_row _builder_version=&#8221;3.19.10&#8243;][et_pb_column type=&#8221;1_2&#8243;][et_pb_image src=&#8221;https:\/\/kreatywnyrozwoj.org\/wp-content\/uploads\/2025\/01\/ikony-manu.png&#8221; _builder_version=&#8221;3.19.10&#8243; max_width=&#8221;59%&#8221; module_alignment=&#8221;center&#8221; custom_margin=&#8221;-3px|||100px&#8221; custom_margin_phone=&#8221;|||79px&#8221; custom_margin_last_edited=&#8221;on|phone&#8221; hover_enabled=&#8221;0&#8243; max_width_last_edited=&#8221;on|phone&#8221; max_width_phone=&#8221;51%&#8221; \/][\/et_pb_column][et_pb_column type=&#8221;1_2&#8243;][et_pb_text _builder_version=&#8221;3.19.10&#8243; header_font=&#8221;Sacramento||||||||&#8221; header_text_color=&#8221;#000000&#8243; header_font_size=&#8221;69px&#8221; header_font_size_phone=&#8221;58px&#8221; header_font_size_last_edited=&#8221;on|phone&#8221; max_width_last_edited=&#8221;on|phone&#8221; custom_margin=&#8221;70px||10px|77px&#8221; custom_margin_phone=&#8221;0px|||50px&#8221; custom_margin_last_edited=&#8221;on|phone&#8221;] Urodziny [\/et_pb_text][\/et_pb_column][\/et_pb_row][et_pb_row][et_pb_column type=&#8221;4_4&#8243;][et_pb_text _builder_version=&#8221;3.19.10&#8243; text_font=&#8221;Scope One||||||||&#8221; text_font_size=&#8221;17px&#8221; custom_margin=&#8221;|84px||-42px&#8221; custom_margin_phone=&#8221;|3px||4px&#8221; custom_margin_last_edited=&#8221;on|phone&#8221;] Zorganizuj urodziny dla dzieci &#8211; my w tym pomo\u017cemy Marzy Ci si\u0119 kreatywna [&hellip;]","og_url":"https:\/\/kreatywnyrozwoj.org\/index.php\/urodziny-2\/","og_site_name":"Manufaktura Kreatywnego Rozwoju","article_modified_time":"2025-01-26T18:43:29+00:00","twitter_card":"summary_large_image","twitter_misc":{"Szacowany czas czytania":"4 minuty"},"schema":{"@context":"https:\/\/schema.org","@graph":[{"@type":"Organization","@id":"https:\/\/kreatywnyrozwoj.org\/#organization","name":"Manufaktura Kreatywnego Rozwoju","url":"https:\/\/kreatywnyrozwoj.org\/","sameAs":[],"logo":{"@type":"ImageObject","@id":"https:\/\/kreatywnyrozwoj.org\/#logo","inLanguage":"pl-PL","url":"http:\/\/kreatywnyrozwoj.org\/wp-content\/uploads\/2019\/09\/Logo_manufaktura.png","contentUrl":"http:\/\/kreatywnyrozwoj.org\/wp-content\/uploads\/2019\/09\/Logo_manufaktura.png","width":920,"height":410,"caption":"Manufaktura Kreatywnego Rozwoju"},"image":{"@id":"https:\/\/kreatywnyrozwoj.org\/#logo"}},{"@type":"WebSite","@id":"https:\/\/kreatywnyrozwoj.org\/#website","url":"https:\/\/kreatywnyrozwoj.org\/","name":"Manufaktura Kreatywnego Rozwoju","description":"Fundacja","publisher":{"@id":"https:\/\/kreatywnyrozwoj.org\/#organization"},"potentialAction":[{"@type":"SearchAction","target":{"@type":"EntryPoint","urlTemplate":"https:\/\/kreatywnyrozwoj.org\/?s={search_term_string}"},"query-input":"required name=search_term_string"}],"inLanguage":"pl-PL"},{"@type":"WebPage","@id":"https:\/\/kreatywnyrozwoj.org\/index.php\/urodziny-2\/#webpage","url":"https:\/\/kreatywnyrozwoj.org\/index.php\/urodziny-2\/","name":"Urodziny - Manufaktura Kreatywnego Rozwoju","isPartOf":{"@id":"https:\/\/kreatywnyrozwoj.org\/#website"},"datePublished":"2025-01-26T18:37:04+00:00","dateModified":"2025-01-26T18:43:29+00:00","breadcrumb":{"@id":"https:\/\/kreatywnyrozwoj.org\/index.php\/urodziny-2\/#breadcrumb"},"inLanguage":"pl-PL","potentialAction":[{"@type":"ReadAction","target":["https:\/\/kreatywnyrozwoj.org\/index.php\/urodziny-2\/"]}]},{"@type":"BreadcrumbList","@id":"https:\/\/kreatywnyrozwoj.org\/index.php\/urodziny-2\/#breadcrumb","itemListElement":[{"@type":"ListItem","position":1,"name":"Strona g\u0142\u00f3wna","item":"https:\/\/kreatywnyrozwoj.org\/"},{"@type":"ListItem","position":2,"name":"Urodziny"}]}]}},"_links":{"self":[{"href":"https:\/\/kreatywnyrozwoj.org\/index.php\/wp-json\/wp\/v2\/pages\/1101"}],"collection":[{"href":"https:\/\/kreatywnyrozwoj.org\/index.php\/wp-json\/wp\/v2\/pages"}],"about":[{"href":"https:\/\/kreatywnyrozwoj.org\/index.php\/wp-json\/wp\/v2\/types\/page"}],"author":[{"embeddable":true,"href":"https:\/\/kreatywnyrozwoj.org\/index.php\/wp-json\/wp\/v2\/users\/1"}],"replies":[{"embeddable":true,"href":"https:\/\/kreatywnyrozwoj.org\/index.php\/wp-json\/wp\/v2\/comments?post=1101"}],"version-history":[{"count":4,"href":"https:\/\/kreatywnyrozwoj.org\/index.php\/wp-json\/wp\/v2\/pages\/1101\/revisions"}],"predecessor-version":[{"id":1104,"href":"https:\/\/kreatywnyrozwoj.org\/index.php\/wp-json\/wp\/v2\/pages\/1101\/revisions\/1104"}],"wp:attachment":[{"href":"https:\/\/kreatywnyrozwoj.org\/index.php\/wp-json\/wp\/v2\/media?parent=1101"}],"curies":[{"name":"wp","href":"https:\/\/api.w.org\/{rel}","templated":true}]}}